{"id":8110,"date":"2021-12-27T23:20:44","date_gmt":"2021-12-27T20:20:44","guid":{"rendered":"https:\/\/proxenonmedical.com\/endoscopy\/"},"modified":"2021-12-30T17:45:10","modified_gmt":"2021-12-30T14:45:10","slug":"endoszkopia","status":"publish","type":"page","link":"https:\/\/proxenonmedical.com\/hu\/endoszkopia\/","title":{"rendered":"Endoszk\u00f3pia"},"content":{"rendered":"<section class=\"l-section wpb_row height_auto with_img\"><div class=\"l-section-img\" data-img-width=\"1920\" data-img-height=\"800\" style=\"background-image: url(https:\/\/proxenonmedical.com\/wp-content\/uploads\/2021\/12\/endoskopi-ust.jpg);background-repeat: no-repeat;\"><\/div><div class=\"l-section-h i-cf\"><div class=\"g-cols vc_row via_flex valign_top type_default stacking_default\"><div class=\"vc_col-sm-12 wpb_column vc_column_container\"><div class=\"vc_column-inner\"><div class=\"wpb_wrapper\"><div class=\"w-separator size_custom\" style=\"height:500px\" id=\"t5bc\"><style>@media(max-width:1024px){ #t5bc{height:350px!important}}@media(max-width:600px){ #t5bc{height:200px!important}}<\/style><\/div><\/div><\/div><\/div><\/div><\/div><\/section><section class=\"l-section wpb_row height_custom\"><div class=\"l-section-h i-cf\"><div class=\"g-cols vc_row via_flex valign_top type_default stacking_default\"><div class=\"vc_col-sm-12 wpb_column vc_column_container\"><div class=\"vc_column-inner\"><div class=\"wpb_wrapper\"><div class=\"wpb_text_column us_custom_aa471367 urunbaslik has_text_color\"><div class=\"wpb_wrapper\"><p>Endoszk\u00f3pia<\/p>\n<\/div><\/div><div class=\"w-separator size_small\"><\/div><div class=\"wpb_text_column\"><div class=\"wpb_wrapper\"><p>Term\u00e9kportf\u00f3li\u00f3nk t\u00f6k\u00e9letesen megfelel az endoszk\u00f3pi\u00e1s oszt\u00e1ly ig\u00e9nyeinek. Term\u00e9keink magas szint\u0171 biztons\u00e1gos t\u00e1rol\u00e1st, sz\u00e1ll\u00edt\u00e1st \u00e9s megold\u00e1sokat biztos\u00edtanak az endoszk\u00f3pok \u00fajrafeldolgoz\u00e1s\u00e1hoz.<\/p>\n<\/div><\/div><div class=\"w-separator size_medium\"><\/div><div class=\"w-grid type_grid layout_7993 cols_4\" id=\"us_grid_1\" data-filterable=\"true\"><style>#us_grid_1 .w-grid-item{padding:1.5rem}#us_grid_1 .w-grid-list{margin:-1.5rem -1.5rem 1.5rem}.w-grid + #us_grid_1 .w-grid-list,.w-grid-none + #us_grid_1 .w-grid-list{margin-top:1.5rem}@media (max-width:1199px){#us_grid_1 .w-grid-item{width:33.3333%}}@media (max-width:899px){#us_grid_1 .w-grid-item{width:50%}}@media (max-width:599px){#us_grid_1 .w-grid-list{margin:0}#us_grid_1 .w-grid-item{width:100%;padding:0;margin-bottom:1.5rem}}.layout_7993 .w-grid-item-h{}.layout_7993 .usg_post_title_1{color:#484848!important;font-weight:700!important;font-size:1rem!important}.layout_7993 .usg_vwrapper_1{padding-top:10px!important;padding-bottom:30px!important;border-color:#999999!important;position:relative!important;border-width:1px!important}.layout_7993 .usg_post_custom_field_1{color:#484848!important;font-weight:700!important;width:30%!important;min-width:30%!important;position:absolute!important;left:0!important;bottom:0!important;padding:5px!important;background:var(--color-content-secondary)!important}.layout_7993 .usg_hwrapper_1{padding:5px!important}.layout_7993 .usg_hwrapper_2{padding:5px!important}@media (min-width:1025px) and (max-width:1280px){.layout_7993 .usg_post_title_1{color:#484848!important;font-weight:700!important;font-size:0.8rem!important}}@media (min-width:601px) and (max-width:1024px){.layout_7993 .usg_post_title_1{color:#484848!important;font-weight:700!important;font-size:0.8rem!important}}@media (max-width:600px){.layout_7993 .usg_post_title_1{color:#484848!important;font-weight:700!important;font-size:0.8rem!important}}<\/style><div class=\"w-grid-list\">\t<article class=\"w-grid-item size_1x1 post-8642 us_portfolio type-us_portfolio status-publish has-post-thumbnail hentry us_portfolio_category-endoszkopia-2\" data-id=\"8642\">\n\t\t<div class=\"w-grid-item-h\">\n\t\t\t\t\t\t<div class=\"w-vwrapper usg_vwrapper_1 align_none valign_top\"><div class=\"w-hwrapper usg_hwrapper_1 align_none valign_top\" style=\"--hwrapper-gap:1.20rem\"><div class=\"w-post-elm post_image usg_post_image_1 has_ratio\"><div style=\"padding-bottom:75%\"><\/div><a href=\"https:\/\/proxenonmedical.com\/hu\/product\/endoszkop-elomoso\/\" aria-label=\"ENDOSZK\u00d3P  EL\u0150MOS\u00d3\"><img width=\"1000\" height=\"800\" src=\"https:\/\/proxenonmedical.com\/wp-content\/uploads\/2021\/12\/m-1049-01.jpg\" class=\"attachment-large size-large wp-post-image\" alt=\"\" decoding=\"async\" loading=\"lazy\" srcset=\"https:\/\/proxenonmedical.com\/wp-content\/uploads\/2021\/12\/m-1049-01.jpg 1000w, https:\/\/proxenonmedical.com\/wp-content\/uploads\/2021\/12\/m-1049-01-300x240.jpg 300w\" sizes=\"(max-width: 1000px) 100vw, 1000px\" \/><\/a><\/div><\/div><div class=\"w-hwrapper usg_hwrapper_2 align_center valign_top\" style=\"--hwrapper-gap:0rem\"><div class=\"w-post-elm post_title usg_post_title_1 has_text_color align_center entry-title color_link_inherit\"><a href=\"https:\/\/proxenonmedical.com\/hu\/product\/endoszkop-elomoso\/\">ENDOSZK\u00d3P  EL\u0150MOS\u00d3<\/a><\/div><\/div><div class=\"w-post-elm post_custom_field usg_post_custom_field_1 has_text_color type_text urun_kodu\"><span class=\"w-post-elm-value\">ECS400<\/span><\/div><\/div>\t\t<\/div>\n\t<\/article>\n\t<article class=\"w-grid-item size_1x1 post-8654 us_portfolio type-us_portfolio status-publish has-post-thumbnail hentry us_portfolio_category-endoszkopia-2\" data-id=\"8654\">\n\t\t<div class=\"w-grid-item-h\">\n\t\t\t\t\t\t<div class=\"w-vwrapper usg_vwrapper_1 align_none valign_top\"><div class=\"w-hwrapper usg_hwrapper_1 align_none valign_top\" style=\"--hwrapper-gap:1.20rem\"><div class=\"w-post-elm post_image usg_post_image_1 has_ratio\"><div style=\"padding-bottom:75%\"><\/div><a href=\"https:\/\/proxenonmedical.com\/hu\/product\/eszkoztarto-kocsi\/\" aria-label=\"ESZK\u00d6ZTART\u00d3 KOCSI\"><img width=\"1000\" height=\"800\" src=\"https:\/\/proxenonmedical.com\/wp-content\/uploads\/2021\/12\/m-1040-02-1.jpg\" class=\"attachment-large size-large wp-post-image\" alt=\"\" decoding=\"async\" loading=\"lazy\" srcset=\"https:\/\/proxenonmedical.com\/wp-content\/uploads\/2021\/12\/m-1040-02-1.jpg 1000w, https:\/\/proxenonmedical.com\/wp-content\/uploads\/2021\/12\/m-1040-02-1-300x240.jpg 300w\" sizes=\"(max-width: 1000px) 100vw, 1000px\" \/><\/a><\/div><\/div><div class=\"w-hwrapper usg_hwrapper_2 align_center valign_top\" style=\"--hwrapper-gap:0rem\"><div class=\"w-post-elm post_title usg_post_title_1 has_text_color align_center entry-title color_link_inherit\"><a href=\"https:\/\/proxenonmedical.com\/hu\/product\/eszkoztarto-kocsi\/\">ESZK\u00d6ZTART\u00d3 KOCSI<\/a><\/div><\/div><div class=\"w-post-elm post_custom_field usg_post_custom_field_1 has_text_color type_text urun_kodu\"><span class=\"w-post-elm-value\">EDC410<\/span><\/div><\/div>\t\t<\/div>\n\t<\/article>\n\t<article class=\"w-grid-item size_1x1 post-8668 us_portfolio type-us_portfolio status-publish has-post-thumbnail hentry us_portfolio_category-endoszkopia-2\" data-id=\"8668\">\n\t\t<div class=\"w-grid-item-h\">\n\t\t\t\t\t\t<div class=\"w-vwrapper usg_vwrapper_1 align_none valign_top\"><div class=\"w-hwrapper usg_hwrapper_1 align_none valign_top\" style=\"--hwrapper-gap:1.20rem\"><div class=\"w-post-elm post_image usg_post_image_1 has_ratio\"><div style=\"padding-bottom:75%\"><\/div><a href=\"https:\/\/proxenonmedical.com\/hu\/product\/endoszkop-szarito-es-tarolo-szekreny\/\" aria-label=\"ENDOSZK\u00d3P SZ\u00c1R\u00cdT\u00d3 \u00c9S T\u00c1ROL\u00d3 SZEKR\u00c9NY\"><img width=\"1000\" height=\"800\" src=\"https:\/\/proxenonmedical.com\/wp-content\/uploads\/2021\/12\/m-6500-01.jpg\" class=\"attachment-large size-large wp-post-image\" alt=\"\" decoding=\"async\" loading=\"lazy\" srcset=\"https:\/\/proxenonmedical.com\/wp-content\/uploads\/2021\/12\/m-6500-01.jpg 1000w, https:\/\/proxenonmedical.com\/wp-content\/uploads\/2021\/12\/m-6500-01-300x240.jpg 300w\" sizes=\"(max-width: 1000px) 100vw, 1000px\" \/><\/a><\/div><\/div><div class=\"w-hwrapper usg_hwrapper_2 align_center valign_top\" style=\"--hwrapper-gap:0rem\"><div class=\"w-post-elm post_title usg_post_title_1 has_text_color align_center entry-title color_link_inherit\"><a href=\"https:\/\/proxenonmedical.com\/hu\/product\/endoszkop-szarito-es-tarolo-szekreny\/\">ENDOSZK\u00d3P SZ\u00c1R\u00cdT\u00d3 \u00c9S T\u00c1ROL\u00d3 SZEKR\u00c9NY<\/a><\/div><\/div><div class=\"w-post-elm post_custom_field usg_post_custom_field_1 has_text_color type_text urun_kodu\"><span class=\"w-post-elm-value\">EDC440<\/span><\/div><\/div>\t\t<\/div>\n\t<\/article>\n\t<article class=\"w-grid-item size_1x1 post-8680 us_portfolio type-us_portfolio status-publish has-post-thumbnail hentry us_portfolio_category-endoszkopia-2\" data-id=\"8680\">\n\t\t<div class=\"w-grid-item-h\">\n\t\t\t\t\t\t<div class=\"w-vwrapper usg_vwrapper_1 align_none valign_top\"><div class=\"w-hwrapper usg_hwrapper_1 align_none valign_top\" style=\"--hwrapper-gap:1.20rem\"><div class=\"w-post-elm post_image usg_post_image_1 has_ratio\"><div style=\"padding-bottom:75%\"><\/div><a href=\"https:\/\/proxenonmedical.com\/hu\/product\/endoszkop-szekreny-kompakt-tervezes\/\" aria-label=\"ENDOSZK\u00d3P SZEKR\u00c9NY (KOMPAKT TERVEZ\u00c9S)\"><img width=\"1000\" height=\"800\" src=\"https:\/\/proxenonmedical.com\/wp-content\/uploads\/2021\/12\/m-7502-01.jpg\" class=\"attachment-large size-large wp-post-image\" alt=\"\" decoding=\"async\" loading=\"lazy\" srcset=\"https:\/\/proxenonmedical.com\/wp-content\/uploads\/2021\/12\/m-7502-01.jpg 1000w, https:\/\/proxenonmedical.com\/wp-content\/uploads\/2021\/12\/m-7502-01-300x240.jpg 300w\" sizes=\"(max-width: 1000px) 100vw, 1000px\" \/><\/a><\/div><\/div><div class=\"w-hwrapper usg_hwrapper_2 align_center valign_top\" style=\"--hwrapper-gap:0rem\"><div class=\"w-post-elm post_title usg_post_title_1 has_text_color align_center entry-title color_link_inherit\"><a href=\"https:\/\/proxenonmedical.com\/hu\/product\/endoszkop-szekreny-kompakt-tervezes\/\">ENDOSZK\u00d3P SZEKR\u00c9NY (KOMPAKT TERVEZ\u00c9S)<\/a><\/div><\/div><div class=\"w-post-elm post_custom_field usg_post_custom_field_1 has_text_color type_text urun_kodu\"><span class=\"w-post-elm-value\">ESC450<\/span><\/div><\/div>\t\t<\/div>\n\t<\/article>\n<\/div><div class=\"w-grid-preloader\"><div class=\"g-preloader type_1\">\n\t<div><\/div>\n<\/div>\n<\/div>\t<div class=\"w-grid-json hidden\" onclick='return {&quot;action&quot;:&quot;us_ajax_grid&quot;,&quot;ajax_url&quot;:&quot;https:\\\/\\\/proxenonmedical.com\\\/wp-admin\\\/admin-ajax.php&quot;,&quot;infinite_scroll&quot;:0,&quot;max_num_pages&quot;:1,&quot;pagination&quot;:&quot;infinite&quot;,&quot;permalink_url&quot;:&quot;https:\\\/\\\/proxenonmedical.com\\\/hu\\\/wp-json\\\/wp\\\/v2\\\/pages\\\/8110\\\/&quot;,&quot;template_vars&quot;:{&quot;columns&quot;:&quot;4&quot;,&quot;exclude_items&quot;:&quot;none&quot;,&quot;img_size&quot;:&quot;default&quot;,&quot;ignore_items_size&quot;:0,&quot;items_layout&quot;:&quot;7993&quot;,&quot;items_offset&quot;:&quot;1&quot;,&quot;load_animation&quot;:&quot;none&quot;,&quot;overriding_link&quot;:&quot;none&quot;,&quot;post_id&quot;:8110,&quot;query_args&quot;:{&quot;post_type&quot;:[&quot;us_portfolio&quot;],&quot;tax_query&quot;:[{&quot;taxonomy&quot;:&quot;us_portfolio_category&quot;,&quot;field&quot;:&quot;slug&quot;,&quot;terms&quot;:[&quot;endoszkopia-2&quot;]}],&quot;post_status&quot;:[&quot;publish&quot;,&quot;acf-disabled&quot;],&quot;posts_per_page&quot;:&quot;16&quot;},&quot;orderby_query_args&quot;:{&quot;meta_query&quot;:{&quot;_orderby_custom_&quot;:{&quot;relation&quot;:&quot;OR&quot;,&quot;0&quot;:{&quot;compare&quot;:&quot;EXISTS&quot;,&quot;key&quot;:&quot;endoskopi_sira&quot;,&quot;type&quot;:&quot;DECIMAL(10,3)&quot;},&quot;1&quot;:{&quot;compare&quot;:&quot;NOT EXISTS&quot;,&quot;key&quot;:&quot;endoskopi_sira&quot;,&quot;type&quot;:&quot;DECIMAL(10,3)&quot;}}},&quot;orderby&quot;:&quot;endoskopi_sira&quot;,&quot;order&quot;:&quot;ASC&quot;},&quot;type&quot;:&quot;grid&quot;,&quot;us_grid_ajax_index&quot;:1,&quot;us_grid_filter_params&quot;:null,&quot;us_grid_index&quot;:1,&quot;_us_grid_post_type&quot;:&quot;us_portfolio&quot;,&quot;lang&quot;:&quot;hu&quot;}}'><\/div>\n\t<\/div><\/div><\/div><\/div><\/div><\/div><\/section>\n","protected":false},"excerpt":{"rendered":"\u2022 304 min\u0151s\u00e9g\u0171 rozsdamentes ac\u00e9l, \u2022 4 kompakt anyagb\u00f3l k\u00e9sz\u00fclt f\u00fcgg\u0151leges kih\u00fazhat\u00f3 fi\u00f3k az endoszk\u00f3p f\u00fcggeszt\u0151k sz\u00e1m\u00e1ra, \u2022Plexi\u00fcveg endoszk\u00f3ptart\u00f3k minden fi\u00f3khoz, \u2022 Szell\u0151z\u0151ny\u00edl\u00e1sok a szekr\u00e9ny mindk\u00e9t oldal\u00e1n, \u2022T\u00e1lca a felesleges v\u00edz \u00f6sszegy\u0171jt\u00e9s\u00e9re, \u2022A szekr\u00e9ny belsej\u00e9ben puha vinyl anyaggal bor\u00edtott fel\u00fclet. \u2022Egyedi gy\u00e1rt\u00e1s\u00fa \u00e9s 3 k\u00fcl\u00f6nb\u00f6z\u0151 szabv\u00e1nym\u00e9ret \u00e1ll rendelkez\u00e9sre, \u2022 M\u00e9ret (SZxHxM): 380x640x2100 mm. \u2022 65...","protected":false},"author":1,"featured_media":0,"parent":0,"menu_order":0,"comment_status":"closed","ping_status":"closed","template":"","meta":[],"acf":[],"_links":{"self":[{"href":"https:\/\/proxenonmedical.com\/hu\/wp-json\/wp\/v2\/pages\/8110"}],"collection":[{"href":"https:\/\/proxenonmedical.com\/hu\/wp-json\/wp\/v2\/pages"}],"about":[{"href":"https:\/\/proxenonmedical.com\/hu\/wp-json\/wp\/v2\/types\/page"}],"author":[{"embeddable":true,"href":"https:\/\/proxenonmedical.com\/hu\/wp-json\/wp\/v2\/users\/1"}],"replies":[{"embeddable":true,"href":"https:\/\/proxenonmedical.com\/hu\/wp-json\/wp\/v2\/comments?post=8110"}],"version-history":[{"count":5,"href":"https:\/\/proxenonmedical.com\/hu\/wp-json\/wp\/v2\/pages\/8110\/revisions"}],"predecessor-version":[{"id":8949,"href":"https:\/\/proxenonmedical.com\/hu\/wp-json\/wp\/v2\/pages\/8110\/revisions\/8949"}],"wp:attachment":[{"href":"https:\/\/proxenonmedical.com\/hu\/wp-json\/wp\/v2\/media?parent=8110"}],"curies":[{"name":"wp","href":"https:\/\/api.w.org\/{rel}","templated":true}]}}