{"id":8108,"date":"2021-12-27T23:19:34","date_gmt":"2021-12-27T20:19:34","guid":{"rendered":"https:\/\/proxenonmedical.com\/hospital-stainless-steel-furnitures\/"},"modified":"2021-12-30T17:44:48","modified_gmt":"2021-12-30T14:44:48","slug":"korhazi-rozsdamentes-acel-butorok","status":"publish","type":"page","link":"https:\/\/proxenonmedical.com\/hu\/korhazi-rozsdamentes-acel-butorok\/","title":{"rendered":"K\u00f3rh\u00e1zi rozsdamentes ac\u00e9l b\u00fatorok"},"content":{"rendered":"<section class=\"l-section wpb_row height_auto with_img\"><div class=\"l-section-img\" data-img-width=\"1920\" data-img-height=\"800\" style=\"background-image: url(https:\/\/proxenonmedical.com\/wp-content\/uploads\/2021\/12\/genel-hastane-ust.jpg);background-repeat: no-repeat;\"><\/div><div class=\"l-section-h i-cf\"><div class=\"g-cols vc_row via_flex valign_top type_default stacking_default\"><div class=\"vc_col-sm-12 wpb_column vc_column_container\"><div class=\"vc_column-inner\"><div class=\"wpb_wrapper\"><div class=\"w-separator size_custom\" style=\"height:500px\" id=\"u12e\"><style>@media(max-width:1024px){ #u12e{height:350px!important}}@media(max-width:600px){ #u12e{height:200px!important}}<\/style><\/div><\/div><\/div><\/div><\/div><\/div><\/section><section class=\"l-section wpb_row height_custom\"><div class=\"l-section-h i-cf\"><div class=\"g-cols vc_row via_flex valign_top type_default stacking_default\"><div class=\"vc_col-sm-12 wpb_column vc_column_container\"><div class=\"vc_column-inner\"><div class=\"wpb_wrapper\"><div class=\"wpb_text_column us_custom_aa471367 urunbaslik has_text_color\"><div class=\"wpb_wrapper\"><p>K\u00f3rh\u00e1zi rozsdamentes ac\u00e9l b\u00fatorok<\/p>\n<\/div><\/div><div class=\"w-separator size_small\"><\/div><div class=\"wpb_text_column\"><div class=\"wpb_wrapper\"><p>Proxenon kiv\u00e1l\u00f3 min\u0151s\u00e9g\u0171 rozsdamentes ac\u00e9lb\u00f3l k\u00e9sz\u00fclt k\u00f3rh\u00e1zi b\u00fatorokat gy\u00e1rt, bele\u00e9rtve mosogat\u00f3kat, s\u00fcrg\u0151ss\u00e9gi kocsikat, k\u00f6t\u00f6z\u0151 kocsikat, orvosi asztalokat, \u00e1gyaz\u00f3 kocsikat, t\u00e1rol\u00f3kat \u00e9s egy\u00e9b term\u00e9keket, amelyek megfelelnek a glob\u00e1lis klinikai szabv\u00e1nyoknak.<\/p>\n<\/div><\/div><div class=\"w-separator size_medium\"><\/div><div class=\"w-grid type_grid layout_7993 cols_4\" id=\"us_grid_1\" data-filterable=\"true\"><style>#us_grid_1 .w-grid-item{padding:1.5rem}#us_grid_1 .w-grid-list{margin:-1.5rem -1.5rem 1.5rem}.w-grid + #us_grid_1 .w-grid-list,.w-grid-none + #us_grid_1 .w-grid-list{margin-top:1.5rem}@media (max-width:1199px){#us_grid_1 .w-grid-item{width:33.3333%}}@media (max-width:899px){#us_grid_1 .w-grid-item{width:50%}}@media (max-width:599px){#us_grid_1 .w-grid-list{margin:0}#us_grid_1 .w-grid-item{width:100%;padding:0;margin-bottom:1.5rem}}.layout_7993 .w-grid-item-h{}.layout_7993 .usg_post_title_1{color:#484848!important;font-weight:700!important;font-size:1rem!important}.layout_7993 .usg_vwrapper_1{padding-top:10px!important;padding-bottom:30px!important;border-color:#999999!important;position:relative!important;border-width:1px!important}.layout_7993 .usg_post_custom_field_1{color:#484848!important;font-weight:700!important;width:30%!important;min-width:30%!important;position:absolute!important;left:0!important;bottom:0!important;padding:5px!important;background:var(--color-content-secondary)!important}.layout_7993 .usg_hwrapper_1{padding:5px!important}.layout_7993 .usg_hwrapper_2{padding:5px!important}@media (min-width:1025px) and (max-width:1280px){.layout_7993 .usg_post_title_1{color:#484848!important;font-weight:700!important;font-size:0.8rem!important}}@media (min-width:601px) and (max-width:1024px){.layout_7993 .usg_post_title_1{color:#484848!important;font-weight:700!important;font-size:0.8rem!important}}@media (max-width:600px){.layout_7993 .usg_post_title_1{color:#484848!important;font-weight:700!important;font-size:0.8rem!important}}<\/style><div class=\"w-grid-list\">\t<article class=\"w-grid-item size_1x1 post-8560 us_portfolio type-us_portfolio status-publish has-post-thumbnail hentry us_portfolio_category-korhazi-rozsdamentes-acel-butorok\" data-id=\"8560\">\n\t\t<div class=\"w-grid-item-h\">\n\t\t\t\t\t\t<div class=\"w-vwrapper usg_vwrapper_1 align_none valign_top\"><div class=\"w-hwrapper usg_hwrapper_1 align_none valign_top\" style=\"--hwrapper-gap:1.20rem\"><div class=\"w-post-elm post_image usg_post_image_1 has_ratio\"><div style=\"padding-bottom:75%\"><\/div><a href=\"https:\/\/proxenonmedical.com\/hu\/product\/tiszta-ruha-gyujto-kocsi\/\" aria-label=\"TISZTA RUHA GY\u0170JT\u0150 KOCSI\"><img width=\"1000\" height=\"800\" src=\"https:\/\/proxenonmedical.com\/wp-content\/uploads\/2021\/12\/m-4501-01.jpg\" class=\"attachment-large size-large wp-post-image\" alt=\"\" decoding=\"async\" loading=\"lazy\" srcset=\"https:\/\/proxenonmedical.com\/wp-content\/uploads\/2021\/12\/m-4501-01.jpg 1000w, https:\/\/proxenonmedical.com\/wp-content\/uploads\/2021\/12\/m-4501-01-300x240.jpg 300w\" sizes=\"(max-width: 1000px) 100vw, 1000px\" \/><\/a><\/div><\/div><div class=\"w-hwrapper usg_hwrapper_2 align_center valign_top\" style=\"--hwrapper-gap:0rem\"><div class=\"w-post-elm post_title usg_post_title_1 has_text_color align_center entry-title color_link_inherit\"><a href=\"https:\/\/proxenonmedical.com\/hu\/product\/tiszta-ruha-gyujto-kocsi\/\">TISZTA RUHA GY\u0170JT\u0150 KOCSI<\/a><\/div><\/div><div class=\"w-post-elm post_custom_field usg_post_custom_field_1 has_text_color type_text urun_kodu\"><span class=\"w-post-elm-value\">GLT320<\/span><\/div><\/div>\t\t<\/div>\n\t<\/article>\n\t<article class=\"w-grid-item size_1x1 post-8568 us_portfolio type-us_portfolio status-publish has-post-thumbnail hentry us_portfolio_category-korhazi-rozsdamentes-acel-butorok\" data-id=\"8568\">\n\t\t<div class=\"w-grid-item-h\">\n\t\t\t\t\t\t<div class=\"w-vwrapper usg_vwrapper_1 align_none valign_top\"><div class=\"w-hwrapper usg_hwrapper_1 align_none valign_top\" style=\"--hwrapper-gap:1.20rem\"><div class=\"w-post-elm post_image usg_post_image_1 has_ratio\"><div style=\"padding-bottom:75%\"><\/div><a href=\"https:\/\/proxenonmedical.com\/hu\/product\/szennyes-ruha-gyujto-kocsi\/\" aria-label=\"SZENNYES RUHA GY\u0170JT\u0150 KOCSI\"><img width=\"1000\" height=\"800\" src=\"https:\/\/proxenonmedical.com\/wp-content\/uploads\/2021\/12\/m-4031-01.jpg\" class=\"attachment-large size-large wp-post-image\" alt=\"\" decoding=\"async\" loading=\"lazy\" srcset=\"https:\/\/proxenonmedical.com\/wp-content\/uploads\/2021\/12\/m-4031-01.jpg 1000w, https:\/\/proxenonmedical.com\/wp-content\/uploads\/2021\/12\/m-4031-01-300x240.jpg 300w\" sizes=\"(max-width: 1000px) 100vw, 1000px\" \/><\/a><\/div><\/div><div class=\"w-hwrapper usg_hwrapper_2 align_center valign_top\" style=\"--hwrapper-gap:0rem\"><div class=\"w-post-elm post_title usg_post_title_1 has_text_color align_center entry-title color_link_inherit\"><a href=\"https:\/\/proxenonmedical.com\/hu\/product\/szennyes-ruha-gyujto-kocsi\/\">SZENNYES RUHA GY\u0170JT\u0150 KOCSI<\/a><\/div><\/div><div class=\"w-post-elm post_custom_field usg_post_custom_field_1 has_text_color type_text urun_kodu\"><span class=\"w-post-elm-value\">GLT321<\/span><\/div><\/div>\t\t<\/div>\n\t<\/article>\n\t<article class=\"w-grid-item size_1x1 post-8574 us_portfolio type-us_portfolio status-publish has-post-thumbnail hentry us_portfolio_category-korhazi-rozsdamentes-acel-butorok\" data-id=\"8574\">\n\t\t<div class=\"w-grid-item-h\">\n\t\t\t\t\t\t<div class=\"w-vwrapper usg_vwrapper_1 align_none valign_top\"><div class=\"w-hwrapper usg_hwrapper_1 align_none valign_top\" style=\"--hwrapper-gap:1.20rem\"><div class=\"w-post-elm post_image usg_post_image_1 has_ratio\"><div style=\"padding-bottom:75%\"><\/div><a href=\"https:\/\/proxenonmedical.com\/hu\/product\/szennyes-es-tiszta-ruha-gyujto-kocsi\/\" aria-label=\"SZENNYES \u00c9S TISZTA RUHA GY\u0170JT\u0150 KOCSI\"><img width=\"1000\" height=\"800\" src=\"https:\/\/proxenonmedical.com\/wp-content\/uploads\/2021\/12\/m-4500.jpg\" class=\"attachment-large size-large wp-post-image\" alt=\"\" decoding=\"async\" loading=\"lazy\" srcset=\"https:\/\/proxenonmedical.com\/wp-content\/uploads\/2021\/12\/m-4500.jpg 1000w, https:\/\/proxenonmedical.com\/wp-content\/uploads\/2021\/12\/m-4500-300x240.jpg 300w\" sizes=\"(max-width: 1000px) 100vw, 1000px\" \/><\/a><\/div><\/div><div class=\"w-hwrapper usg_hwrapper_2 align_center valign_top\" style=\"--hwrapper-gap:0rem\"><div class=\"w-post-elm post_title usg_post_title_1 has_text_color align_center entry-title color_link_inherit\"><a href=\"https:\/\/proxenonmedical.com\/hu\/product\/szennyes-es-tiszta-ruha-gyujto-kocsi\/\">SZENNYES \u00c9S TISZTA RUHA GY\u0170JT\u0150 KOCSI<\/a><\/div><\/div><div class=\"w-post-elm post_custom_field usg_post_custom_field_1 has_text_color type_text urun_kodu\"><span class=\"w-post-elm-value\">GLT322<\/span><\/div><\/div>\t\t<\/div>\n\t<\/article>\n\t<article class=\"w-grid-item size_1x1 post-8582 us_portfolio type-us_portfolio status-publish has-post-thumbnail hentry us_portfolio_category-korhazi-rozsdamentes-acel-butorok\" data-id=\"8582\">\n\t\t<div class=\"w-grid-item-h\">\n\t\t\t\t\t\t<div class=\"w-vwrapper usg_vwrapper_1 align_none valign_top\"><div class=\"w-hwrapper usg_hwrapper_1 align_none valign_top\" style=\"--hwrapper-gap:1.20rem\"><div class=\"w-post-elm post_image usg_post_image_1 has_ratio\"><div style=\"padding-bottom:75%\"><\/div><a href=\"https:\/\/proxenonmedical.com\/hu\/product\/szennyes-es-tiszta-ruha-gyujto-kocsi-fedellel\/\" aria-label=\"SZENNYES \u00c9S TISZTA RUHA GY\u0170JT\u0150 KOCSI  FED\u00c9LLEL\"><img width=\"1000\" height=\"800\" src=\"https:\/\/proxenonmedical.com\/wp-content\/uploads\/2021\/12\/m-4530-01.jpg\" class=\"attachment-large size-large wp-post-image\" alt=\"\" decoding=\"async\" loading=\"lazy\" srcset=\"https:\/\/proxenonmedical.com\/wp-content\/uploads\/2021\/12\/m-4530-01.jpg 1000w, https:\/\/proxenonmedical.com\/wp-content\/uploads\/2021\/12\/m-4530-01-300x240.jpg 300w\" sizes=\"(max-width: 1000px) 100vw, 1000px\" \/><\/a><\/div><\/div><div class=\"w-hwrapper usg_hwrapper_2 align_center valign_top\" style=\"--hwrapper-gap:0rem\"><div class=\"w-post-elm post_title usg_post_title_1 has_text_color align_center entry-title color_link_inherit\"><a href=\"https:\/\/proxenonmedical.com\/hu\/product\/szennyes-es-tiszta-ruha-gyujto-kocsi-fedellel\/\">SZENNYES \u00c9S TISZTA RUHA GY\u0170JT\u0150 KOCSI  FED\u00c9LLEL<\/a><\/div><\/div><div class=\"w-post-elm post_custom_field usg_post_custom_field_1 has_text_color type_text urun_kodu\"><span class=\"w-post-elm-value\">GLT323<\/span><\/div><\/div>\t\t<\/div>\n\t<\/article>\n\t<article class=\"w-grid-item size_1x1 post-8590 us_portfolio type-us_portfolio status-publish has-post-thumbnail hentry us_portfolio_category-korhazi-rozsdamentes-acel-butorok\" data-id=\"8590\">\n\t\t<div class=\"w-grid-item-h\">\n\t\t\t\t\t\t<div class=\"w-vwrapper usg_vwrapper_1 align_none valign_top\"><div class=\"w-hwrapper usg_hwrapper_1 align_none valign_top\" style=\"--hwrapper-gap:1.20rem\"><div class=\"w-post-elm post_image usg_post_image_1 has_ratio\"><div style=\"padding-bottom:75%\"><\/div><a href=\"https:\/\/proxenonmedical.com\/hu\/product\/agyazo-kocsi\/\" aria-label=\"\u00c1GYAZ\u00d3 KOCSI\"><img width=\"1000\" height=\"800\" src=\"https:\/\/proxenonmedical.com\/wp-content\/uploads\/2021\/12\/m-mkda290.jpg\" class=\"attachment-large size-large wp-post-image\" alt=\"\" decoding=\"async\" loading=\"lazy\" srcset=\"https:\/\/proxenonmedical.com\/wp-content\/uploads\/2021\/12\/m-mkda290.jpg 1000w, https:\/\/proxenonmedical.com\/wp-content\/uploads\/2021\/12\/m-mkda290-300x240.jpg 300w\" sizes=\"(max-width: 1000px) 100vw, 1000px\" \/><\/a><\/div><\/div><div class=\"w-hwrapper usg_hwrapper_2 align_center valign_top\" style=\"--hwrapper-gap:0rem\"><div class=\"w-post-elm post_title usg_post_title_1 has_text_color align_center entry-title color_link_inherit\"><a href=\"https:\/\/proxenonmedical.com\/hu\/product\/agyazo-kocsi\/\">\u00c1GYAZ\u00d3 KOCSI<\/a><\/div><\/div><div class=\"w-post-elm post_custom_field usg_post_custom_field_1 has_text_color type_text urun_kodu\"><span class=\"w-post-elm-value\">GLT324<\/span><\/div><\/div>\t\t<\/div>\n\t<\/article>\n\t<article class=\"w-grid-item size_1x1 post-8599 us_portfolio type-us_portfolio status-publish has-post-thumbnail hentry us_portfolio_category-korhazi-rozsdamentes-acel-butorok\" data-id=\"8599\">\n\t\t<div class=\"w-grid-item-h\">\n\t\t\t\t\t\t<div class=\"w-vwrapper usg_vwrapper_1 align_none valign_top\"><div class=\"w-hwrapper usg_hwrapper_1 align_none valign_top\" style=\"--hwrapper-gap:1.20rem\"><div class=\"w-post-elm post_image usg_post_image_1 has_ratio\"><div style=\"padding-bottom:75%\"><\/div><a href=\"https:\/\/proxenonmedical.com\/hu\/product\/orvosi-szappanadagolo\/\" aria-label=\"ORVOSI SZAPPANADAGOL\u00d3\"><img width=\"1000\" height=\"800\" src=\"https:\/\/proxenonmedical.com\/wp-content\/uploads\/2021\/12\/m-0504.jpg\" class=\"attachment-large size-large wp-post-image\" alt=\"\" decoding=\"async\" loading=\"lazy\" srcset=\"https:\/\/proxenonmedical.com\/wp-content\/uploads\/2021\/12\/m-0504.jpg 1000w, https:\/\/proxenonmedical.com\/wp-content\/uploads\/2021\/12\/m-0504-300x240.jpg 300w\" sizes=\"(max-width: 1000px) 100vw, 1000px\" \/><\/a><\/div><\/div><div class=\"w-hwrapper usg_hwrapper_2 align_center valign_top\" style=\"--hwrapper-gap:0rem\"><div class=\"w-post-elm post_title usg_post_title_1 has_text_color align_center entry-title color_link_inherit\"><a href=\"https:\/\/proxenonmedical.com\/hu\/product\/orvosi-szappanadagolo\/\">ORVOSI SZAPPANADAGOL\u00d3<\/a><\/div><\/div><div class=\"w-post-elm post_custom_field usg_post_custom_field_1 has_text_color type_text urun_kodu\"><span class=\"w-post-elm-value\">GSP330<\/span><\/div><\/div>\t\t<\/div>\n\t<\/article>\n\t<article class=\"w-grid-item size_1x1 post-8605 us_portfolio type-us_portfolio status-publish has-post-thumbnail hentry us_portfolio_category-korhazi-rozsdamentes-acel-butorok\" data-id=\"8605\">\n\t\t<div class=\"w-grid-item-h\">\n\t\t\t\t\t\t<div class=\"w-vwrapper usg_vwrapper_1 align_none valign_top\"><div class=\"w-hwrapper usg_hwrapper_1 align_none valign_top\" style=\"--hwrapper-gap:1.20rem\"><div class=\"w-post-elm post_image usg_post_image_1 has_ratio\"><div style=\"padding-bottom:75%\"><\/div><a href=\"https:\/\/proxenonmedical.com\/hu\/product\/sebeszeti-kefe-adagolo\/\" aria-label=\"SEB\u00c9SZETI KEFE ADAGOL\u00d3\"><img width=\"1000\" height=\"800\" src=\"https:\/\/proxenonmedical.com\/wp-content\/uploads\/2021\/12\/m-0502.jpg\" class=\"attachment-large size-large wp-post-image\" alt=\"\" decoding=\"async\" loading=\"lazy\" srcset=\"https:\/\/proxenonmedical.com\/wp-content\/uploads\/2021\/12\/m-0502.jpg 1000w, https:\/\/proxenonmedical.com\/wp-content\/uploads\/2021\/12\/m-0502-300x240.jpg 300w\" sizes=\"(max-width: 1000px) 100vw, 1000px\" \/><\/a><\/div><\/div><div class=\"w-hwrapper usg_hwrapper_2 align_center valign_top\" style=\"--hwrapper-gap:0rem\"><div class=\"w-post-elm post_title usg_post_title_1 has_text_color align_center entry-title color_link_inherit\"><a href=\"https:\/\/proxenonmedical.com\/hu\/product\/sebeszeti-kefe-adagolo\/\">SEB\u00c9SZETI KEFE ADAGOL\u00d3<\/a><\/div><\/div><div class=\"w-post-elm post_custom_field usg_post_custom_field_1 has_text_color type_text urun_kodu\"><span class=\"w-post-elm-value\">GBP331<\/span><\/div><\/div>\t\t<\/div>\n\t<\/article>\n\t<article class=\"w-grid-item size_1x1 post-8613 us_portfolio type-us_portfolio status-publish has-post-thumbnail hentry us_portfolio_category-korhazi-rozsdamentes-acel-butorok\" data-id=\"8613\">\n\t\t<div class=\"w-grid-item-h\">\n\t\t\t\t\t\t<div class=\"w-vwrapper usg_vwrapper_1 align_none valign_top\"><div class=\"w-hwrapper usg_hwrapper_1 align_none valign_top\" style=\"--hwrapper-gap:1.20rem\"><div class=\"w-post-elm post_image usg_post_image_1 has_ratio\"><div style=\"padding-bottom:75%\"><\/div><a href=\"https:\/\/proxenonmedical.com\/hu\/product\/hidraulikus-hulladektarolo\/\" aria-label=\"HIDRAULIKUS HULLAD\u00c9KT\u00c1ROL\u00d3\"><img width=\"1000\" height=\"800\" src=\"https:\/\/proxenonmedical.com\/wp-content\/uploads\/2021\/12\/m-1109-01.jpg\" class=\"attachment-large size-large wp-post-image\" alt=\"\" decoding=\"async\" loading=\"lazy\" srcset=\"https:\/\/proxenonmedical.com\/wp-content\/uploads\/2021\/12\/m-1109-01.jpg 1000w, https:\/\/proxenonmedical.com\/wp-content\/uploads\/2021\/12\/m-1109-01-300x240.jpg 300w\" sizes=\"(max-width: 1000px) 100vw, 1000px\" \/><\/a><\/div><\/div><div class=\"w-hwrapper usg_hwrapper_2 align_center valign_top\" style=\"--hwrapper-gap:0rem\"><div class=\"w-post-elm post_title usg_post_title_1 has_text_color align_center entry-title color_link_inherit\"><a href=\"https:\/\/proxenonmedical.com\/hu\/product\/hidraulikus-hulladektarolo\/\">HIDRAULIKUS HULLAD\u00c9KT\u00c1ROL\u00d3<\/a><\/div><\/div><div class=\"w-post-elm post_custom_field usg_post_custom_field_1 has_text_color type_text urun_kodu\"><span class=\"w-post-elm-value\">GWR350 <\/span><\/div><\/div>\t\t<\/div>\n\t<\/article>\n\t<article class=\"w-grid-item size_1x1 post-8622 us_portfolio type-us_portfolio status-publish has-post-thumbnail hentry us_portfolio_category-korhazi-rozsdamentes-acel-butorok\" data-id=\"8622\">\n\t\t<div class=\"w-grid-item-h\">\n\t\t\t\t\t\t<div class=\"w-vwrapper usg_vwrapper_1 align_none valign_top\"><div class=\"w-hwrapper usg_hwrapper_1 align_none valign_top\" style=\"--hwrapper-gap:1.20rem\"><div class=\"w-post-elm post_image usg_post_image_1 has_ratio\"><div style=\"padding-bottom:75%\"><\/div><a href=\"https:\/\/proxenonmedical.com\/hu\/product\/rozsdamentes-acel-szemettarolo-12-l-25kg-o245x370hmm\u00b130mm\/\" aria-label=\"ROZSDAMENTES AC\u00c9L SZEM\u00c9TT\u00c1ROL\u00d3\"><img width=\"1000\" height=\"800\" src=\"https:\/\/proxenonmedical.com\/wp-content\/uploads\/2021\/12\/m-1110.jpg\" class=\"attachment-large size-large wp-post-image\" alt=\"\" decoding=\"async\" loading=\"lazy\" srcset=\"https:\/\/proxenonmedical.com\/wp-content\/uploads\/2021\/12\/m-1110.jpg 1000w, https:\/\/proxenonmedical.com\/wp-content\/uploads\/2021\/12\/m-1110-300x240.jpg 300w\" sizes=\"(max-width: 1000px) 100vw, 1000px\" \/><\/a><\/div><\/div><div class=\"w-hwrapper usg_hwrapper_2 align_center valign_top\" style=\"--hwrapper-gap:0rem\"><div class=\"w-post-elm post_title usg_post_title_1 has_text_color align_center entry-title color_link_inherit\"><a href=\"https:\/\/proxenonmedical.com\/hu\/product\/rozsdamentes-acel-szemettarolo-12-l-25kg-o245x370hmm\u00b130mm\/\">ROZSDAMENTES AC\u00c9L SZEM\u00c9TT\u00c1ROL\u00d3<\/a><\/div><\/div><div class=\"w-post-elm post_custom_field usg_post_custom_field_1 has_text_color type_text urun_kodu\"><span class=\"w-post-elm-value\">GSB312<\/span><\/div><\/div>\t\t<\/div>\n\t<\/article>\n\t<article class=\"w-grid-item size_1x1 post-8820 us_portfolio type-us_portfolio status-publish has-post-thumbnail hentry us_portfolio_category-hullahaz us_portfolio_category-korhazi-rozsdamentes-acel-butorok\" data-id=\"8820\">\n\t\t<div class=\"w-grid-item-h\">\n\t\t\t\t\t\t<div class=\"w-vwrapper usg_vwrapper_1 align_none valign_top\"><div class=\"w-hwrapper usg_hwrapper_1 align_none valign_top\" style=\"--hwrapper-gap:1.20rem\"><div class=\"w-post-elm post_image usg_post_image_1 has_ratio\"><div style=\"padding-bottom:75%\"><\/div><a href=\"https:\/\/proxenonmedical.com\/hu\/product\/veszzuhany-egyseg\/\" aria-label=\"V\u00c9SZZUHANY EGYS\u00c9G\"><img width=\"1000\" height=\"800\" src=\"https:\/\/proxenonmedical.com\/wp-content\/uploads\/2021\/12\/m-7001.jpg\" class=\"attachment-large size-large wp-post-image\" alt=\"\" decoding=\"async\" loading=\"lazy\" srcset=\"https:\/\/proxenonmedical.com\/wp-content\/uploads\/2021\/12\/m-7001.jpg 1000w, https:\/\/proxenonmedical.com\/wp-content\/uploads\/2021\/12\/m-7001-300x240.jpg 300w\" sizes=\"(max-width: 1000px) 100vw, 1000px\" \/><\/a><\/div><\/div><div class=\"w-hwrapper usg_hwrapper_2 align_center valign_top\" style=\"--hwrapper-gap:0rem\"><div class=\"w-post-elm post_title usg_post_title_1 has_text_color align_center entry-title color_link_inherit\"><a href=\"https:\/\/proxenonmedical.com\/hu\/product\/veszzuhany-egyseg\/\">V\u00c9SZZUHANY EGYS\u00c9G<\/a><\/div><\/div><div class=\"w-post-elm post_custom_field usg_post_custom_field_1 has_text_color type_text urun_kodu\"><span class=\"w-post-elm-value\">MBW171<\/span><\/div><\/div>\t\t<\/div>\n\t<\/article>\n<\/div><div class=\"w-grid-preloader\"><div class=\"g-preloader type_1\">\n\t<div><\/div>\n<\/div>\n<\/div>\t<div class=\"w-grid-json hidden\" onclick='return {&quot;action&quot;:&quot;us_ajax_grid&quot;,&quot;ajax_url&quot;:&quot;https:\\\/\\\/proxenonmedical.com\\\/wp-admin\\\/admin-ajax.php&quot;,&quot;infinite_scroll&quot;:0,&quot;max_num_pages&quot;:1,&quot;pagination&quot;:&quot;infinite&quot;,&quot;permalink_url&quot;:&quot;https:\\\/\\\/proxenonmedical.com\\\/hu\\\/wp-json\\\/wp\\\/v2\\\/pages\\\/8108\\\/&quot;,&quot;template_vars&quot;:{&quot;columns&quot;:&quot;4&quot;,&quot;exclude_items&quot;:&quot;none&quot;,&quot;img_size&quot;:&quot;default&quot;,&quot;ignore_items_size&quot;:0,&quot;items_layout&quot;:&quot;7993&quot;,&quot;items_offset&quot;:&quot;1&quot;,&quot;load_animation&quot;:&quot;none&quot;,&quot;overriding_link&quot;:&quot;none&quot;,&quot;post_id&quot;:8108,&quot;query_args&quot;:{&quot;post_type&quot;:[&quot;us_portfolio&quot;],&quot;tax_query&quot;:[{&quot;taxonomy&quot;:&quot;us_portfolio_category&quot;,&quot;field&quot;:&quot;slug&quot;,&quot;terms&quot;:[&quot;korhazi-rozsdamentes-acel-butorok&quot;]}],&quot;post_status&quot;:[&quot;publish&quot;,&quot;acf-disabled&quot;],&quot;posts_per_page&quot;:&quot;16&quot;},&quot;orderby_query_args&quot;:{&quot;meta_query&quot;:{&quot;_orderby_custom_&quot;:{&quot;relation&quot;:&quot;OR&quot;,&quot;0&quot;:{&quot;compare&quot;:&quot;EXISTS&quot;,&quot;key&quot;:&quot;genel_hastane&quot;,&quot;type&quot;:&quot;DECIMAL(10,3)&quot;},&quot;1&quot;:{&quot;compare&quot;:&quot;NOT EXISTS&quot;,&quot;key&quot;:&quot;genel_hastane&quot;,&quot;type&quot;:&quot;DECIMAL(10,3)&quot;}}},&quot;orderby&quot;:&quot;genel_hastane&quot;,&quot;order&quot;:&quot;ASC&quot;},&quot;type&quot;:&quot;grid&quot;,&quot;us_grid_ajax_index&quot;:1,&quot;us_grid_filter_params&quot;:null,&quot;us_grid_index&quot;:1,&quot;_us_grid_post_type&quot;:&quot;us_portfolio&quot;,&quot;lang&quot;:&quot;hu&quot;}}'><\/div>\n\t<\/div><\/div><\/div><\/div><\/div><\/div><\/section>\n","protected":false},"excerpt":{"rendered":"\u2022 304 min\u0151s\u00e9g\u0171 rozsdamentes ac\u00e9l, \u2022 V\u00e9szzuhany k\u00e9zi m\u0171k\u00f6dtet\u00e9ssel, \u2022 V\u00edz\u00e1raml\u00e1s 60 lt\/perc.","protected":false},"author":1,"featured_media":0,"parent":0,"menu_order":0,"comment_status":"closed","ping_status":"closed","template":"","meta":[],"acf":[],"_links":{"self":[{"href":"https:\/\/proxenonmedical.com\/hu\/wp-json\/wp\/v2\/pages\/8108"}],"collection":[{"href":"https:\/\/proxenonmedical.com\/hu\/wp-json\/wp\/v2\/pages"}],"about":[{"href":"https:\/\/proxenonmedical.com\/hu\/wp-json\/wp\/v2\/types\/page"}],"author":[{"embeddable":true,"href":"https:\/\/proxenonmedical.com\/hu\/wp-json\/wp\/v2\/users\/1"}],"replies":[{"embeddable":true,"href":"https:\/\/proxenonmedical.com\/hu\/wp-json\/wp\/v2\/comments?post=8108"}],"version-history":[{"count":4,"href":"https:\/\/proxenonmedical.com\/hu\/wp-json\/wp\/v2\/pages\/8108\/revisions"}],"predecessor-version":[{"id":8947,"href":"https:\/\/proxenonmedical.com\/hu\/wp-json\/wp\/v2\/pages\/8108\/revisions\/8947"}],"wp:attachment":[{"href":"https:\/\/proxenonmedical.com\/hu\/wp-json\/wp\/v2\/media?parent=8108"}],"curies":[{"name":"wp","href":"https:\/\/api.w.org\/{rel}","templated":true}]}}