{"id":8101,"date":"2021-12-27T22:21:54","date_gmt":"2021-12-27T19:21:54","guid":{"rendered":"https:\/\/proxenonmedical.com\/corporate\/"},"modified":"2021-12-27T23:56:38","modified_gmt":"2021-12-27T20:56:38","slug":"tarsasagi","status":"publish","type":"page","link":"https:\/\/proxenonmedical.com\/hu\/tarsasagi\/","title":{"rendered":"T\u00e1rsas\u00e1gi"},"content":{"rendered":"<section class=\"l-section wpb_row height_auto with_img\"><div class=\"l-section-img\" data-img-width=\"1920\" data-img-height=\"587\" style=\"background-image: url(https:\/\/proxenonmedical.com\/wp-content\/uploads\/2021\/12\/kurumsal.jpg);background-repeat: no-repeat;\"><\/div><div class=\"l-section-h i-cf\"><div class=\"g-cols vc_row via_flex valign_top type_default stacking_default\"><div class=\"vc_col-sm-12 wpb_column vc_column_container\"><div class=\"vc_column-inner\"><div class=\"wpb_wrapper\"><div class=\"w-separator size_custom\" style=\"height:500px\" id=\"ve0d\"><style>@media(max-width:1024px){ #ve0d{height:350px!important}}@media(max-width:600px){ #ve0d{height:200px!important}}<\/style><\/div><\/div><\/div><\/div><\/div><\/div><\/section><section class=\"l-section wpb_row height_custom\"><div class=\"l-section-h i-cf\"><div class=\"g-cols vc_row via_flex valign_top type_default stacking_default\"><div class=\"vc_col-sm-12 wpb_column vc_column_container\"><div class=\"vc_column-inner\"><div class=\"wpb_wrapper\"><div class=\"wpb_text_column us_custom_aa471367 urunbaslik has_text_color\"><div class=\"wpb_wrapper\"><p>Politik\u00e1nk<\/p>\n<\/div><\/div><div class=\"w-separator size_small\"><\/div><div class=\"g-cols wpb_row via_flex valign_top type_default stacking_default\"><div class=\"vc_col-sm-6 wpb_column vc_column_container\"><div class=\"vc_column-inner\"><div class=\"wpb_wrapper\"><div class=\"wpb_text_column\"><div class=\"wpb_wrapper\"><p style=\"text-align: justify;\">Minden \u00e9l\u0151l\u00e9nyben ott van a v\u00e9gtelen \u00e9lni akar\u00e1s, \u00e9s az emberekhez hasonl\u00f3an \u0151k is folyamatosan k\u00fczdenek az \u00e9let\u00e9rt. Az ember mindig \u00f6r\u00f6kk\u00e9 \u00e9lni akart, \u00e9s a t\u00f6rt\u00e9nelem sor\u00e1n t\u00f6bbsz\u00f6r el\u0151\u00e1llt az \u00f6r\u00f6k \u00e9let elix\u00edrj\u00e9vel. De a term\u00e9szet t\u00f6rv\u00e9nye szerint minden teremtm\u00e9ny megsz\u00fcletik, \u00e9l \u00e9s meghal. Vall\u00e1st\u00f3l, nyelvt\u0151l vagy fajt\u00f3l f\u00fcggetlen\u00fcl minden ember term\u00e9szetesen \u00f6r\u00fcl a sz\u00fclet\u00e9snek, \u00e9s gy\u00e1szol a betegs\u00e9g \u00e9s a hal\u00e1l miatt. Ezeket az \u00e9rz\u00e9seket az emberek eg\u00e9sz \u00e9let\u00fck sor\u00e1n soha nem tudj\u00e1k elfelejteni, \u00e9s ezek az \u00e9rz\u00e9sek t\u00f6bbs\u00e9ge a k\u00f3rh\u00e1zakban zajlik. Ez\u00e9rt a k\u00f3rh\u00e1zak mindenki sz\u00e1m\u00e1ra rendk\u00edv\u00fcl fontosak. Mindannyian tudjuk, hogy a k\u00f3rh\u00e1zak jelent\u0151s szerepet j\u00e1tszanak az emberi \u00e9letben \u00e9s az \u00e9letmin\u0151s\u00e9gben. Nem tagadhatjuk, hogy a fejlett eg\u00e9szs\u00e9g\u00fcgyi ell\u00e1t\u00f3rendszerrel rendelkez\u0151 orsz\u00e1gokban az emberek tov\u00e1bb \u00e9lnek, mint azokban az orsz\u00e1gokban, ahol az eg\u00e9szs\u00e9g\u00fcgyi ell\u00e1t\u00f3rendszer nem megfelel\u0151. B\u00e1r az emberis\u00e9g m\u00e9g mindig nem tal\u00e1lta meg az \u00f6r\u00f6k \u00e9let elix\u00edrj\u00e9t, a technol\u00f3gi\u00e1nak \u00e9s a tudom\u00e1nynak k\u00f6sz\u00f6nhet\u0151en siker\u00fclt meghosszabb\u00edtania az \u00e9letet. Mi, Proxenon az\u00e9rt hoztuk l\u00e9tre v\u00e1llalatunkat 2021 elej\u00e9n, hogy r\u00e9szesei legy\u00fcnk az emberis\u00e9g boldogs\u00e1g\u00e1nak, \u00e9s hogy az emberek \u00e9let\u00e9t szebb\u00e9 tegy\u00fck. Szenved\u00e9lyesen dolgozunk j\u00f3l felszerelt \u00e9s vadonat\u00faj gy\u00e1runkban, amely Eur\u00f3pa sz\u00edv\u00e9ben tal\u00e1lhat\u00f3. Tudjuk, hogy minden egyes term\u00e9k\u00fcnk hozz\u00e1j\u00e1rul az emberi eg\u00e9szs\u00e9ghez \u00e9s az emberi \u00e9lethez, ez\u00e9rt mindegyiket magas min\u0151s\u00e9gben \u00e9s precizit\u00e1ssal gy\u00e1rtunk. Ezzel az elk\u00e9pzel\u00e9ssel \u00e9s napr\u00f3l napra n\u00f6vekv\u0151 szak\u00e9rt\u0151 szem\u00e9lyzet\u00fcnkkel egy\u00fctt szolg\u00e1ltat\u00e1sokat \u00e9s term\u00e9keket k\u00edn\u00e1lunk eg\u00e9szs\u00e9g\u00fcgyi int\u00e9zm\u00e9nyek \u00e9s k\u00f3rh\u00e1zi projektek sz\u00e1m\u00e1ra.<\/p>\n<\/div><\/div><\/div><\/div><\/div><div class=\"vc_col-sm-6 wpb_column vc_column_container\"><div class=\"vc_column-inner\"><div class=\"wpb_wrapper\"><div class=\"w-image align_center\"><div class=\"w-image-h\"><img width=\"651\" height=\"490\" src=\"https:\/\/proxenonmedical.com\/wp-content\/uploads\/2021\/12\/kurumsal-02.jpg\" class=\"attachment-full size-full\" alt=\"\" decoding=\"async\" loading=\"lazy\" srcset=\"https:\/\/proxenonmedical.com\/wp-content\/uploads\/2021\/12\/kurumsal-02.jpg 651w, https:\/\/proxenonmedical.com\/wp-content\/uploads\/2021\/12\/kurumsal-02-300x226.jpg 300w\" sizes=\"(max-width: 651px) 100vw, 651px\" \/><\/div><\/div><\/div><\/div><\/div><\/div><\/div><\/div><\/div><\/div><\/div><\/section>\n","protected":false},"excerpt":{"rendered":"Politik\u00e1nk Minden \u00e9l\u0151l\u00e9nyben ott van a v\u00e9gtelen \u00e9lni akar\u00e1s, \u00e9s az emberekhez hasonl\u00f3an \u0151k is folyamatosan k\u00fczdenek az \u00e9let\u00e9rt. Az ember mindig \u00f6r\u00f6kk\u00e9 \u00e9lni akart, \u00e9s a t\u00f6rt\u00e9nelem sor\u00e1n t\u00f6bbsz\u00f6r el\u0151\u00e1llt az \u00f6r\u00f6k \u00e9let elix\u00edrj\u00e9vel. De a term\u00e9szet t\u00f6rv\u00e9nye szerint minden teremtm\u00e9ny megsz\u00fcletik, \u00e9l \u00e9s meghal. Vall\u00e1st\u00f3l, nyelvt\u0151l vagy fajt\u00f3l f\u00fcggetlen\u00fcl minden ember term\u00e9szetesen \u00f6r\u00fcl...","protected":false},"author":1,"featured_media":0,"parent":0,"menu_order":0,"comment_status":"closed","ping_status":"closed","template":"","meta":[],"acf":[],"_links":{"self":[{"href":"https:\/\/proxenonmedical.com\/hu\/wp-json\/wp\/v2\/pages\/8101"}],"collection":[{"href":"https:\/\/proxenonmedical.com\/hu\/wp-json\/wp\/v2\/pages"}],"about":[{"href":"https:\/\/proxenonmedical.com\/hu\/wp-json\/wp\/v2\/types\/page"}],"author":[{"embeddable":true,"href":"https:\/\/proxenonmedical.com\/hu\/wp-json\/wp\/v2\/users\/1"}],"replies":[{"embeddable":true,"href":"https:\/\/proxenonmedical.com\/hu\/wp-json\/wp\/v2\/comments?post=8101"}],"version-history":[{"count":1,"href":"https:\/\/proxenonmedical.com\/hu\/wp-json\/wp\/v2\/pages\/8101\/revisions"}],"predecessor-version":[{"id":8103,"href":"https:\/\/proxenonmedical.com\/hu\/wp-json\/wp\/v2\/pages\/8101\/revisions\/8103"}],"wp:attachment":[{"href":"https:\/\/proxenonmedical.com\/hu\/wp-json\/wp\/v2\/media?parent=8101"}],"curies":[{"name":"wp","href":"https:\/\/api.w.org\/{rel}","templated":true}]}}